{"id":785,"date":"2019-08-05T16:31:10","date_gmt":"2019-08-05T14:31:10","guid":{"rendered":"https:\/\/gdlc-autos.com\/?page_id=785"},"modified":"2019-11-22T15:03:49","modified_gmt":"2019-11-22T14:03:49","slug":"mentions-legales","status":"publish","type":"page","link":"https:\/\/www.gdlc-autos.com\/index.php\/mentions-legales\/","title":{"rendered":"Mentions l\u00e9gales"},"content":{"rendered":"\n<h2>CONDITIONS G\u00c9N\u00c9RALES D\u2019UTILISATION<\/h2>\n\n\n\n<p>Derni\u00e8re modification faite le : 22\/11\/2019<\/p>\n\n\n\n<h3>Utilisation\ndes services propos\u00e9s par le site :<\/h3>\n\n\n\n<h3>Article\n1 \u2013 Objet et D\u00e9finitions<\/h3>\n\n\n\n<p>Les pr\u00e9sentes conditions g\u00e9n\u00e9rales d&rsquo;utilisation (ci-apr\u00e8s les \u00ab Conditions G\u00e9n\u00e9rales d\u2019Utilisation \u00bb) ont pour objet de d\u00e9finir les modalit\u00e9s de mise \u00e0 disposition du site <a href=\"https:\/\/kiwild.com\/\">https:\/<\/a><a href=\"https:\/\/gdlc-autos.com\/\">\/gdlc-autos.com<\/a> (ci-apr\u00e8s nomm\u00e9 le \u00ab Site \u00bb) ainsi que ses conditions d&rsquo;utilisation que l&rsquo;internaute visitant ou utilisant les services du Site (ci-apr\u00e8s l\u2019\u201dUtilisateur\u201d) reconna\u00eet accepter, sans r\u00e9serve, du seul fait de sa pr\u00e9sence sur le Site. Tout Utilisateur ne souhaitant pas adh\u00e9rer aux pr\u00e9sentes Conditions G\u00e9n\u00e9rales d\u2019Utilisation doit imp\u00e9rativement s\u2019abstenir d\u2019utiliser le Site.<\/p>\n\n\n\n<p>L&rsquo;Utilisateur est inform\u00e9 que l\u2019acc\u00e8s libre et gratuit aux contenus et services du Site, est financ\u00e9 en partie par les revenus li\u00e9s \u00e0 la publicit\u00e9 diffus\u00e9e sur ces espaces. Il reconna\u00eet qu\u2019en contrepartie de son droit d\u2019utilisation de ces contenus et services en acc\u00e8s libre et gratuit, il accepte et ne s\u2019opposera pas \u00e0 un affichage publicitaire sur le Site.<\/p>\n\n\n\n<h4><strong>D\u00e9finitions :<\/strong><\/h4>\n\n\n\n<p>Les termes suivants dont la premi\u00e8re lettre appara\u00eet en majuscule auront la signification pr\u00e9cis\u00e9e ci-apr\u00e8s :<\/p>\n\n\n\n<pre class=\"wp-block-preformatted\">&nbsp;<\/pre>\n\n\n\n<p>Conditions G\u00e9n\u00e9rales d\u2019Utilisation ou CGU : le pr\u00e9sent texte avec tous ses articles ;<\/p>\n\n\n\n<p>&#8211; Site : le site internet <a href=\"https:\/\/www.gdlc-autos.com\/\">www.gdlc-autos.com<\/a> ;<\/p>\n\n\n\n<p>&#8211; \u00c9diteur : GDLC Autos, repr\u00e9sent\u00e9 par un particulier, Morgane Hamon;<\/p>\n\n\n\n<p>&#8211; Utilisateur : Toute personne utilisant le Site ou un service propos\u00e9 par le Site ;<\/p>\n\n\n\n<p>&#8211; Espaces Interactifs : Tout espaces contributifs, tel que les avis, les commentaires ou les modules de chat en ligne susceptible d\u2019\u00eatre mis \u00e0 disposition des Utilisateurs sur le Site ;<\/p>\n\n\n\n<p>&#8211; Services : Tous services accessibles depuis le site et mis en place par l\u2019\u00c9diteur ;<\/p>\n\n\n\n<p>&#8211; Support : Tout appareil \u00e9lectronique, ordinateur, t\u00e9l\u00e9phone mobile et\/ou tablette tactile permettant de se connecter \u00e0 internet.<\/p>\n\n\n\n<h3>Article 2 \u2013\n\u00c9tendue des CGU<\/h3>\n\n\n\n<p>Les Conditions G\u00e9n\u00e9rales d\u2019Utilisation applicables sont celles en vigueur lors de chaque connexion et utilisation du Site par l\u2019Utilisateur.<\/p>\n\n\n\n<pre class=\"wp-block-preformatted\">&nbsp;<\/pre>\n\n\n\n<p>Cependant le Site est susceptible de faire \u00e9voluer \u00e0 tout moment les Conditions G\u00e9n\u00e9rales d\u2019Utilisation afin de les adapter aux \u00e9volutions des Services, de leur exploitation et\/ou des lois en vigueur. Ces modifications sont port\u00e9es \u00e0 la connaissance des Utilisateurs par leur simple mise en ligne. Elles sont accept\u00e9es sans r\u00e9serve par tout Utilisateur qui acc\u00e8de au Site post\u00e9rieurement \u00e0 ladite mise en ligne. Le Site invite donc l&rsquo;Utilisateur \u00e0 consulter r\u00e9guli\u00e8rement les Conditions G\u00e9n\u00e9rales d\u2019Utilisation et s\u2019engage \u00e0 faire appara\u00eetre la date de derni\u00e8re modification.<\/p>\n\n\n\n<pre class=\"wp-block-preformatted\">&nbsp;<\/pre>\n\n\n\n<h3>Article\n3 \u2013 Contenus du Site<\/h3>\n\n\n\n<p>Tout ce que vous pourrez lire ou voir sur ce site est soumis \u00e0 un copyright sauf mention sp\u00e9ciale contraire. Le contenu de ce site ne peut pas \u00eatre utilis\u00e9 sans l\u2019accord \u00e9crit de l\u2019\u00c9diteur. L\u2019\u00c9diteur ne se porte pas garant si l\u2019utilisation que vous pourrez faire du contenu expos\u00e9 sur ce site porte atteinte aux droits de tierces personnes.<\/p>\n\n\n\n<pre class=\"wp-block-preformatted\">&nbsp;<\/pre>\n\n\n\n<pre class=\"wp-block-preformatted\">&nbsp;<\/pre>\n\n\n\n<p>L\u2019\u00c9diteur a mis en \u0153uvre tous les efforts possibles pour que les informations publi\u00e9es sur ce site soient correctes et pr\u00e9cises mais ne peut \u00eatre tenu pour responsable d\u2019\u00e9ventuelles omissions ou parution d&rsquo;informations incompl\u00e8tes, impr\u00e9cises ou maintenant obsol\u00e8tes<\/p>\n\n\n\n<pre class=\"wp-block-preformatted\">&nbsp;<\/pre>\n\n\n\n<p>Votre utilisation du site et votre navigation sur celui-ci se font \u00e0 vos risques et p\u00e9rils. Ni l\u2019\u00c9diteur ni les institutions qui nous sont affili\u00e9es, ni aucun des acteurs impliqu\u00e9s dans la cr\u00e9ation, la production ou la distribution de ce site ne sont responsables de quelconque dommage ou perte pouvant r\u00e9sulter de l\u2019utilisation de ce site. L\u2019\u00c9diteur ne pourra en aucun cas, dans la limite du droit applicable, \u00eatre tenu responsable des dommages et\/ou pr\u00e9judices, directs ou indirects, mat\u00e9riels ou immat\u00e9riels, ou de quelque nature que ce soit, r\u00e9sultant de l\u2019utilisation du site (quel que soit l\u2019usage du site, licite ou non).<\/p>\n\n\n\n<h3>Article\n4 \u2013 Virus et logiciels malveillants<\/h3>\n\n\n\n<p>Le Site et son \u00c9diteur ne reconnaissent aucune responsabilit\u00e9 pour quelconque virus ou dommage caus\u00e9s sur votre ordinateur ou vos comptes personnel dans l\u2019utilisation du Site et le t\u00e9l\u00e9chargement de contenus.<\/p>\n\n\n\n<h3>Article\n5 \u2013 Responsabilit\u00e9 et propri\u00e9t\u00e9 intellectuelle<\/h3>\n\n\n\n<p>L\u2019\u00c9diteur n\u2019est pas responsable des politiques de confidentialit\u00e9s de sites qui seraient accessible depuis le Site mais dont il ne serait pas propri\u00e9taire.<\/p>\n\n\n\n<pre class=\"wp-block-preformatted\">&nbsp;<\/pre>\n\n\n\n<p>M\u00eame si les discussions sont mod\u00e9r\u00e9es, l\u2019\u00c9diteur n\u2019est pas dans l\u2019obligation de le faire et ne reconna\u00eet pas de responsabilit\u00e9 en cas de propos violent, diffamatoires, obsc\u00e8nes, dangereux ou faux sur le Site. Il est par cons\u00e9quent interdit de poster des contenus mena\u00e7ants ou d\u2019incitation \u00e0 la haine sur le Site. <\/p>\n\n\n\n<h3>Article\n6 \u2013 Donn\u00e9es personnelles<\/h3>\n\n\n\n<p>Nous utilisons vos donn\u00e9es afin de r\u00e9pondre \u00e0 votre demande d&rsquo;information que vous avez pass\u00e9 via notre formulaire de contact.&nbsp;<\/p>\n\n\n\n<p>En envoyant le formulaire vous consentez \u00e0 ce que nous collections et traitions vos donn\u00e9es personnelles dans le cadre pr\u00e9cis de votre demande de renseignement et de la relation commerciale qui pourrait en d\u00e9couler.<\/p>\n\n\n\n<pre class=\"wp-block-preformatted\">&nbsp;<\/pre>\n\n\n\n<p>Conform\u00e9ment \u00e0 la loi \u00ab informatique et libert\u00e9s \u00bb du 6 janvier 1978 modifi\u00e9e, l\u2019Utilisateur dispose d\u2019un droit de rectification et de suppression (Permet \u00e0 l\u2019Utilisateur de demander \u00e0 ce que l\u2019on lui communique l\u2019int\u00e9gralit\u00e9 des donn\u00e9es personnelles fournies \u00e0 travers son espace utilisateur, d\u2019en contr\u00f4ler l\u2019exactitude et de les modifier ou supprimer \u00e0 tout moment).<\/p>\n\n\n\n<pre class=\"wp-block-preformatted\">&nbsp;<\/pre>\n\n\n\n<p>Pour plus d\u2019informations, nous vous invitons \u00e0 consulter le site de la CNIL : <a href=\"https:\/\/www.cnil.fr\/\">https:\/\/www.cnil.fr\/<\/a>\u00ab\u00a0<\/p>\n\n\n\n<hr class=\"wp-block-separator\"\/>\n\n\n\n<h2>MENTIONS LEGALES<\/h2>\n\n\n\n<p>Pour toute information\ncompl\u00e9mentaire sur la protection des donn\u00e9es personnelles, nous vous invitons \u00e0\nconsulter le site de la CNIL.<\/p>\n\n\n\n<h3>\u00c9diteur\n:<\/h3>\n\n\n\n<p>&#8211; Adresse e-mail : contact@gdlc-autos.com ;<\/p>\n\n\n\n<p>&#8211; Directeur de publication : Laurence BAUFRETON.<\/p>\n\n\n\n<pre class=\"wp-block-preformatted\">&nbsp;<\/pre>\n\n\n\n<h3>H\u00e9bergeur\ndu site :<\/h3>\n\n\n\n<p>OVH<\/p>\n\n\n\n<p>&#8211; SAS au capital de 10 069 020 \u20ac ;<\/p>\n\n\n\n<p>&#8211; RCS Lille M\u00e9tropole 424 761 419 00045 ;<\/p>\n\n\n\n<p>&#8211; Code APE 2620Z ;<\/p>\n\n\n\n<p>&#8211; N\u00b0 TVA : FR 22 424 761 419 ;<\/p>\n\n\n\n<p>&#8211; Si\u00e8ge social : 2 rue Kellermann &#8211; 59100 Roubaix ;<\/p>\n\n\n\n<p>&#8211; France.<\/p>\n<div class=\"fcbkbttn_buttons_block\" id=\"fcbkbttn_left\"><div class=\"fcbkbttn_button\">\n                            <a href=\"https:\/\/www.facebook.com\/GDLCAutos\" target=\"_blank\">\n                                <img src=\"https:\/\/www.gdlc-autos.com\/wp-content\/plugins\/facebook-button-plugin\/images\/standard-facebook-ico.png\" alt=\"Fb-Button\" \/>\n                            <\/a>\n                        <\/div><div class=\"fcbkbttn_like \"><fb:like href=\"https:\/\/www.gdlc-autos.com\/index.php\/mentions-legales\/\" action=\"like\" colorscheme=\"light\" layout=\"standard\" show-faces='false' width=\"225px\" size=\"small\"><\/fb:like><\/div><div class=\"fb-share-button  \" data-href=\"https:\/\/www.gdlc-autos.com\/index.php\/mentions-legales\/\" data-type=\"button_count\" data-size=\"small\"><\/div><\/div>","protected":false},"excerpt":{"rendered":"<p>CONDITIONS G\u00c9N\u00c9RALES D\u2019UTILISATION Derni\u00e8re modification faite le : 22\/11\/2019 Utilisation des services propos\u00e9s par le site : Article 1 \u2013 Objet et D\u00e9finitions Les pr\u00e9sentes conditions g\u00e9n\u00e9rales d&rsquo;utilisation (ci-apr\u00e8s les \u00ab Conditions G\u00e9n\u00e9rales d\u2019Utilisation \u00bb) ont pour objet de d\u00e9finir les modalit\u00e9s de mise \u00e0 disposition du site https:\/\/gdlc-autos.com (ci-apr\u00e8s nomm\u00e9 le \u00ab Site \u00bb) [&hellip;]<\/p>\n","protected":false},"author":3,"featured_media":0,"parent":0,"menu_order":0,"comment_status":"closed","ping_status":"closed","template":"","meta":[],"yoast_head":"<!-- This site is optimized with the Yoast SEO plugin v19.3 - https:\/\/yoast.com\/wordpress\/plugins\/seo\/ -->\n<title>Mentions l\u00e9gales - GDLC Autos GDLC Autos<\/title>\n<meta name=\"description\" content=\"CONDITIONS G\u00c9N\u00c9RALES D\u2019UTILISATION. Derni\u00e8re modification faite le : 05\/08\/2019. Utilisation des services propos\u00e9s par le site : Article 1 - Objet et D\u00e9finitions.\" \/>\n<meta name=\"robots\" content=\"index, follow, max-snippet:-1, max-image-preview:large, max-video-preview:-1\" \/>\n<link rel=\"canonical\" href=\"https:\/\/www.gdlc-autos.com\/index.php\/mentions-legales\/\" \/>\n<meta property=\"og:locale\" content=\"fr_FR\" \/>\n<meta property=\"og:type\" content=\"article\" \/>\n<meta property=\"og:title\" content=\"Mentions l\u00e9gales - GDLC Autos GDLC Autos\" \/>\n<meta property=\"og:description\" content=\"CONDITIONS G\u00c9N\u00c9RALES D\u2019UTILISATION. Derni\u00e8re modification faite le : 05\/08\/2019. Utilisation des services propos\u00e9s par le site : Article 1 - Objet et D\u00e9finitions.\" \/>\n<meta property=\"og:url\" content=\"https:\/\/www.gdlc-autos.com\/index.php\/mentions-legales\/\" \/>\n<meta property=\"og:site_name\" content=\"GDLC Autos\" \/>\n<meta property=\"article:publisher\" content=\"https:\/\/www.facebook.com\/GDLCAutos\/\" \/>\n<meta property=\"article:modified_time\" content=\"2019-11-22T14:03:49+00:00\" \/>\n<meta name=\"twitter:card\" content=\"summary_large_image\" \/>\n<meta name=\"twitter:label1\" content=\"Dur\u00e9e de lecture estim\u00e9e\" \/>\n\t<meta name=\"twitter:data1\" content=\"5 minutes\" \/>\n<script type=\"application\/ld+json\" class=\"yoast-schema-graph\">{\"@context\":\"https:\/\/schema.org\",\"@graph\":[{\"@type\":\"Organization\",\"@id\":\"https:\/\/www.gdlc-autos.com\/#organization\",\"name\":\"GDLC Autos\",\"url\":\"https:\/\/www.gdlc-autos.com\/\",\"sameAs\":[\"https:\/\/www.instagram.com\/gdlc_autos\/\",\"https:\/\/www.facebook.com\/GDLCAutos\/\"],\"logo\":{\"@type\":\"ImageObject\",\"inLanguage\":\"fr-FR\",\"@id\":\"https:\/\/www.gdlc-autos.com\/#\/schema\/logo\/image\/\",\"url\":\"https:\/\/www.gdlc-autos.com\/wp-content\/uploads\/2019\/06\/logo-gdlc.png\",\"contentUrl\":\"https:\/\/www.gdlc-autos.com\/wp-content\/uploads\/2019\/06\/logo-gdlc.png\",\"width\":2000,\"height\":1200,\"caption\":\"GDLC Autos\"},\"image\":{\"@id\":\"https:\/\/www.gdlc-autos.com\/#\/schema\/logo\/image\/\"}},{\"@type\":\"WebSite\",\"@id\":\"https:\/\/www.gdlc-autos.com\/#website\",\"url\":\"https:\/\/www.gdlc-autos.com\/\",\"name\":\"GDLC Autos\",\"description\":\"Garage vente et r\u00e9paration tous types de v\u00e9hicules\",\"publisher\":{\"@id\":\"https:\/\/www.gdlc-autos.com\/#organization\"},\"potentialAction\":[{\"@type\":\"SearchAction\",\"target\":{\"@type\":\"EntryPoint\",\"urlTemplate\":\"https:\/\/www.gdlc-autos.com\/?s={search_term_string}\"},\"query-input\":\"required name=search_term_string\"}],\"inLanguage\":\"fr-FR\"},{\"@type\":\"WebPage\",\"@id\":\"https:\/\/www.gdlc-autos.com\/index.php\/mentions-legales\/\",\"url\":\"https:\/\/www.gdlc-autos.com\/index.php\/mentions-legales\/\",\"name\":\"Mentions l\u00e9gales - GDLC Autos GDLC Autos\",\"isPartOf\":{\"@id\":\"https:\/\/www.gdlc-autos.com\/#website\"},\"datePublished\":\"2019-08-05T14:31:10+00:00\",\"dateModified\":\"2019-11-22T14:03:49+00:00\",\"description\":\"CONDITIONS G\u00c9N\u00c9RALES D\u2019UTILISATION. Derni\u00e8re modification faite le : 05\/08\/2019. Utilisation des services propos\u00e9s par le site : Article 1 - Objet et D\u00e9finitions.\",\"breadcrumb\":{\"@id\":\"https:\/\/www.gdlc-autos.com\/index.php\/mentions-legales\/#breadcrumb\"},\"inLanguage\":\"fr-FR\",\"potentialAction\":[{\"@type\":\"ReadAction\",\"target\":[\"https:\/\/www.gdlc-autos.com\/index.php\/mentions-legales\/\"]}]},{\"@type\":\"BreadcrumbList\",\"@id\":\"https:\/\/www.gdlc-autos.com\/index.php\/mentions-legales\/#breadcrumb\",\"itemListElement\":[{\"@type\":\"ListItem\",\"position\":1,\"name\":\"Accueil\",\"item\":\"https:\/\/www.gdlc-autos.com\/\"},{\"@type\":\"ListItem\",\"position\":2,\"name\":\"Mentions l\u00e9gales\"}]}]}<\/script>\n<!-- \/ Yoast SEO plugin. -->","yoast_head_json":{"title":"Mentions l\u00e9gales - GDLC Autos GDLC Autos","description":"CONDITIONS G\u00c9N\u00c9RALES D\u2019UTILISATION. Derni\u00e8re modification faite le : 05\/08\/2019. Utilisation des services propos\u00e9s par le site : Article 1 - Objet et D\u00e9finitions.","robots":{"index":"index","follow":"follow","max-snippet":"max-snippet:-1","max-image-preview":"max-image-preview:large","max-video-preview":"max-video-preview:-1"},"canonical":"https:\/\/www.gdlc-autos.com\/index.php\/mentions-legales\/","og_locale":"fr_FR","og_type":"article","og_title":"Mentions l\u00e9gales - GDLC Autos GDLC Autos","og_description":"CONDITIONS G\u00c9N\u00c9RALES D\u2019UTILISATION. Derni\u00e8re modification faite le : 05\/08\/2019. Utilisation des services propos\u00e9s par le site : Article 1 - Objet et D\u00e9finitions.","og_url":"https:\/\/www.gdlc-autos.com\/index.php\/mentions-legales\/","og_site_name":"GDLC Autos","article_publisher":"https:\/\/www.facebook.com\/GDLCAutos\/","article_modified_time":"2019-11-22T14:03:49+00:00","twitter_card":"summary_large_image","twitter_misc":{"Dur\u00e9e de lecture estim\u00e9e":"5 minutes"},"schema":{"@context":"https:\/\/schema.org","@graph":[{"@type":"Organization","@id":"https:\/\/www.gdlc-autos.com\/#organization","name":"GDLC Autos","url":"https:\/\/www.gdlc-autos.com\/","sameAs":["https:\/\/www.instagram.com\/gdlc_autos\/","https:\/\/www.facebook.com\/GDLCAutos\/"],"logo":{"@type":"ImageObject","inLanguage":"fr-FR","@id":"https:\/\/www.gdlc-autos.com\/#\/schema\/logo\/image\/","url":"https:\/\/www.gdlc-autos.com\/wp-content\/uploads\/2019\/06\/logo-gdlc.png","contentUrl":"https:\/\/www.gdlc-autos.com\/wp-content\/uploads\/2019\/06\/logo-gdlc.png","width":2000,"height":1200,"caption":"GDLC Autos"},"image":{"@id":"https:\/\/www.gdlc-autos.com\/#\/schema\/logo\/image\/"}},{"@type":"WebSite","@id":"https:\/\/www.gdlc-autos.com\/#website","url":"https:\/\/www.gdlc-autos.com\/","name":"GDLC Autos","description":"Garage vente et r\u00e9paration tous types de v\u00e9hicules","publisher":{"@id":"https:\/\/www.gdlc-autos.com\/#organization"},"potentialAction":[{"@type":"SearchAction","target":{"@type":"EntryPoint","urlTemplate":"https:\/\/www.gdlc-autos.com\/?s={search_term_string}"},"query-input":"required name=search_term_string"}],"inLanguage":"fr-FR"},{"@type":"WebPage","@id":"https:\/\/www.gdlc-autos.com\/index.php\/mentions-legales\/","url":"https:\/\/www.gdlc-autos.com\/index.php\/mentions-legales\/","name":"Mentions l\u00e9gales - GDLC Autos GDLC Autos","isPartOf":{"@id":"https:\/\/www.gdlc-autos.com\/#website"},"datePublished":"2019-08-05T14:31:10+00:00","dateModified":"2019-11-22T14:03:49+00:00","description":"CONDITIONS G\u00c9N\u00c9RALES D\u2019UTILISATION. Derni\u00e8re modification faite le : 05\/08\/2019. Utilisation des services propos\u00e9s par le site : Article 1 - Objet et D\u00e9finitions.","breadcrumb":{"@id":"https:\/\/www.gdlc-autos.com\/index.php\/mentions-legales\/#breadcrumb"},"inLanguage":"fr-FR","potentialAction":[{"@type":"ReadAction","target":["https:\/\/www.gdlc-autos.com\/index.php\/mentions-legales\/"]}]},{"@type":"BreadcrumbList","@id":"https:\/\/www.gdlc-autos.com\/index.php\/mentions-legales\/#breadcrumb","itemListElement":[{"@type":"ListItem","position":1,"name":"Accueil","item":"https:\/\/www.gdlc-autos.com\/"},{"@type":"ListItem","position":2,"name":"Mentions l\u00e9gales"}]}]}},"_links":{"self":[{"href":"https:\/\/www.gdlc-autos.com\/index.php\/wp-json\/wp\/v2\/pages\/785"}],"collection":[{"href":"https:\/\/www.gdlc-autos.com\/index.php\/wp-json\/wp\/v2\/pages"}],"about":[{"href":"https:\/\/www.gdlc-autos.com\/index.php\/wp-json\/wp\/v2\/types\/page"}],"author":[{"embeddable":true,"href":"https:\/\/www.gdlc-autos.com\/index.php\/wp-json\/wp\/v2\/users\/3"}],"replies":[{"embeddable":true,"href":"https:\/\/www.gdlc-autos.com\/index.php\/wp-json\/wp\/v2\/comments?post=785"}],"version-history":[{"count":6,"href":"https:\/\/www.gdlc-autos.com\/index.php\/wp-json\/wp\/v2\/pages\/785\/revisions"}],"predecessor-version":[{"id":1010,"href":"https:\/\/www.gdlc-autos.com\/index.php\/wp-json\/wp\/v2\/pages\/785\/revisions\/1010"}],"wp:attachment":[{"href":"https:\/\/www.gdlc-autos.com\/index.php\/wp-json\/wp\/v2\/media?parent=785"}],"curies":[{"name":"wp","href":"https:\/\/api.w.org\/{rel}","templated":true}]}}